{"id":14,"date":"2023-05-13T17:48:35","date_gmt":"2023-05-13T17:48:35","guid":{"rendered":"https:\/\/schoppmann.zumzeigen.de\/?page_id=14"},"modified":"2023-10-31T09:31:18","modified_gmt":"2023-10-31T09:31:18","slug":"unsere-leistungen","status":"publish","type":"page","link":"https:\/\/schopopo.de\/index.php\/unsere-leistungen\/","title":{"rendered":"Unser Praxisspektrum"},"content":{"rendered":"<p><div class=\"fusion-fullwidth fullwidth-box fusion-builder-row-1 fusion-flex-container has-pattern-background has-mask-background nonhundred-percent-fullwidth non-hundred-percent-height-scrolling\" style=\"--awb-border-radius-top-left:0px;--awb-border-radius-top-right:0px;--awb-border-radius-bottom-right:0px;--awb-border-radius-bottom-left:0px;--awb-flex-wrap:wrap;\" ><div class=\"fusion-builder-row fusion-row fusion-flex-align-items-stretch fusion-flex-content-wrap\" style=\"max-width:1248px;margin-left: calc(-4% \/ 2 );margin-right: calc(-4% \/ 2 );\"><div class=\"fusion-layout-column fusion_builder_column fusion-builder-column-0 fusion_builder_column_2_3 2_3 fusion-flex-column fusion-flex-align-self-stretch\" style=\"--awb-bg-size:cover;--awb-width-large:66.666666666667%;--awb-margin-top-large:0px;--awb-spacing-right-large:2.88%;--awb-margin-bottom-large:20px;--awb-spacing-left-large:2.88%;--awb-width-medium:66.666666666667%;--awb-order-medium:0;--awb-spacing-right-medium:2.88%;--awb-spacing-left-medium:2.88%;--awb-width-small:100%;--awb-order-small:0;--awb-spacing-right-small:1.92%;--awb-spacing-left-small:1.92%;\" data-scroll-devices=\"small-visibility,medium-visibility,large-visibility\"><div class=\"fusion-column-wrapper fusion-column-has-shadow fusion-flex-justify-content-flex-start fusion-content-layout-row fusion-flex-align-items-stretch\"><div class=\"fusion-content-boxes content-boxes columns row fusion-columns-1 fusion-columns-total-2 fusion-content-boxes-1 content-boxes-icon-with-title content-left\" style=\"--awb-body-color:#5b5b5b;--awb-title-color:var(--awb-color4);--awb-hover-accent-color:var(--awb-color4);--awb-circle-hover-accent-color:var(--awb-color4);--awb-item-margin-bottom:40px;\" data-animationOffset=\"top-into-view\"><div style=\"--awb-backgroundcolor:rgba(255,255,255,0.5);\" class=\"fusion-column content-box-column content-box-column content-box-column-1 col-lg-12 col-md-12 col-sm-12 fusion-content-box-hover content-box-column-last-in-row\"><div class=\"col content-box-wrapper content-wrapper-background link-area-link-icon content-icon-wrapper-yes icon-hover-animation-fade\" data-animationOffset=\"top-into-view\"><div class=\"heading heading-with-icon icon-left\"><div class=\"icon\"><span style=\"height:42px;width:42px;line-height:22px;border-color:rgba(255,255,255,0);border-width:1px;border-style:solid;background-color:var(--awb-color5);box-sizing:content-box;border-radius:50%;\"><i style=\"border-color:var(--awb-color5);border-width:1px;background-color:var(--awb-color4);box-sizing:content-box;height:40px;width:40px;line-height:40px;border-radius:50%;position:relative;top:auto;left:auto;margin:0;border-radius:50%;font-size:20px;\" aria-hidden=\"true\" class=\"fontawesome-icon fa-arrow-alt-circle-right fas circle-yes\"><\/i><\/span><\/div><h3 class=\"content-box-heading\" style=\"--h3_typography-font-size:24px;line-height:29px;\">Proktologie<\/h3><\/div><div class=\"fusion-clearfix\"><\/div><div class=\"content-container\">\n<p>Proktologie ist ein Fachgebiet, das sich mit Erkrankungen des Enddarms, des Mastdarms und des Analkanals besch\u00e4ftigt. Wir sind auf die Diagnose und Behandlung von Erkrankungen in diesem Bereich spezialisiert.<\/p>\n<p>Zu den h\u00e4ufigsten Erkrankungen, die in der Proktologie behandelt werden, geh\u00f6ren H\u00e4morrhoiden, Analfissuren, Fisteln, Analekzeme, Analkrebs und andere gut- und b\u00f6sartige Tumoren. Wir f\u00fchren eine gr\u00fcndliche Anamnese und eine k\u00f6rperliche Untersuchung durch, um eine genaue Diagnose zu stellen. Je nach Erkrankung k\u00f6nnen weitere diagnostische Verfahren wie Anoskopie, Rektoskopie oder Koloskopie erforderlich sein.<\/p>\n<p>Die Behandlungsmethoden in der Proktologie sind vielf\u00e4ltig und reichen von konservativen Ans\u00e4tzen wie einer angepassten Ern\u00e4hrung, Sitzb\u00e4dern und Medikamenten bis hin zu chirurgischen Eingriffen wie H\u00e4morrhoidenver\u00f6dung, Analfissuroperationen oder Fistelbehandlungen.<\/p>\n<p>Ein wichtiger Aspekt ist die Vorsorge und Fr\u00fcherkennung von Darmkrebs. Regelm\u00e4\u00dfige Darmspiegelungen (Koloskopien) werden empfohlen, um Ver\u00e4nderungen im Dickdarm fr\u00fchzeitig zu erkennen und gegebenenfalls zu behandeln.<\/p>\n<p>Es ist ratsam, bei Problemen im Bereich des Enddarms oder des Mastdarms unsere Praxis aufzusuchen, um eine genaue Diagnose und eine geeignete Behandlung zu erhalten.<\/p>\n<\/div><\/div><\/div><div style=\"--awb-backgroundcolor:rgba(255,255,255,0.5);\" class=\"fusion-column content-box-column content-box-column content-box-column-2 col-lg-12 col-md-12 col-sm-12 fusion-content-box-hover content-box-column-last content-box-column-last-in-row\"><div class=\"col content-box-wrapper content-wrapper-background link-area-link-icon content-icon-wrapper-yes icon-hover-animation-fade\" data-animationOffset=\"top-into-view\"><div class=\"heading heading-with-icon icon-left\"><div class=\"icon\"><span style=\"height:42px;width:42px;line-height:22px;border-color:rgba(255,255,255,0);border-width:1px;border-style:solid;background-color:var(--awb-color5);box-sizing:content-box;border-radius:50%;\"><i style=\"border-color:var(--awb-color5);border-width:1px;background-color:var(--awb-color4);box-sizing:content-box;height:40px;width:40px;line-height:40px;border-radius:50%;position:relative;top:auto;left:auto;margin:0;border-radius:50%;font-size:20px;\" aria-hidden=\"true\" class=\"fontawesome-icon fa-arrow-alt-circle-right fas circle-yes\"><\/i><\/span><\/div><h3 class=\"content-box-heading\" style=\"--h3_typography-font-size:24px;line-height:29px;\">Darmspiegelung (Koloskopie)<\/h3><\/div><div class=\"fusion-clearfix\"><\/div><div class=\"content-container\">\n<p>Die Darmspiegelung, auch als Koloskopie bezeichnet, ist ein wichtiger diagnostischer und pr\u00e4ventiver Eingriff, der in der Gastroenterologie durchgef\u00fchrt wird. Bei diesem Verfahren wird ein flexibler Schlauch, der Koloskop genannt wird, vorsichtig in den Dickdarm eingef\u00fchrt, um den Zustand der Darmwand zu \u00fcberpr\u00fcfen und eventuelle Ver\u00e4nderungen zu erkennen.<\/p>\n<p>Die Darmspiegelung wird eingesetzt, um verschiedene Erkrankungen des Dickdarms zu diagnostizieren, darunter Darmpolypen, entz\u00fcndliche Darmerkrankungen wie Morbus Crohn oder Colitis ulcerosa. Zudem wird die Koloskopie zur Fr\u00fcherkennung von Darmkrebs eingesetzt, da sie es erm\u00f6glicht, pr\u00e4kanzer\u00f6se Polypen zu identifizieren und diese bei Bedarf w\u00e4hrend des Verfahrens zu entfernen.<\/p>\n<p>Die Darmspiegelung ist ein unverzichtbares Instrument in der Vorsorge und Fr\u00fcherkennung von Darmkrebs. Die regelm\u00e4\u00dfige Durchf\u00fchrung dieses Verfahrens wird Menschen ab einem bestimmten Alter empfohlen, insbesondere wenn famili\u00e4re Risikofaktoren vorliegen oder fr\u00fchere Darmerkrankungen aufgetreten sind.<\/p>\n<p>Leider m\u00fcssen wir aus technischen Gr\u00fcnden Ende des Jahres 2023 unsere Darmspiegelungen einstellen. Es hat uns viel Freude gemacht und wir bedauern es sehr. Sollten wir bei Ihnen eine Koloskopie durchgef\u00fchrt haben, stellen wir Ihnen gerne die Ergebnisse und Befunde zur Verf\u00fcgung f\u00fcr einen nachfolgenden Arzt.<\/p>\n<p>Und bleiben Sie am Ball, Darmspiegelungen k\u00f6nnen Leben retten.<\/p>\n<p>Unsere chirurgische und proktologische Sprechstunde bleibt nat\u00fcrlich erhalten und wir sind weiterhin f\u00fcr Sie da!<\/p>\n<\/div><\/div><\/div><div class=\"fusion-clearfix\"><\/div><\/div><div class=\"fusion-content-boxes content-boxes columns row fusion-columns-1 fusion-columns-total-1 fusion-content-boxes-2 content-boxes-icon-with-title content-left\" style=\"--awb-body-color:#5b5b5b;--awb-title-color:var(--awb-color4);--awb-margin-top:-60px;--awb-hover-accent-color:var(--awb-color4);--awb-circle-hover-accent-color:var(--awb-color4);--awb-item-margin-bottom:40px;\" data-animationOffset=\"top-into-view\"><div style=\"--awb-backgroundcolor:rgba(255,255,255,0.5);\" class=\"fusion-column content-box-column content-box-column content-box-column-1 col-lg-12 col-md-12 col-sm-12 fusion-content-box-hover content-box-column-last content-box-column-last-in-row\"><div class=\"col content-box-wrapper content-wrapper-background link-area-link-icon content-icon-wrapper-yes icon-hover-animation-fade\" data-animationOffset=\"top-into-view\"><div class=\"heading heading-with-icon icon-left\"><div class=\"icon\"><span style=\"height:42px;width:42px;line-height:22px;border-color:rgba(255,255,255,0);border-width:1px;border-style:solid;background-color:var(--awb-color5);box-sizing:content-box;border-radius:50%;\"><i style=\"border-color:var(--awb-color5);border-width:1px;background-color:var(--awb-color4);box-sizing:content-box;height:40px;width:40px;line-height:40px;border-radius:50%;position:relative;top:auto;left:auto;margin:0;border-radius:50%;font-size:20px;\" aria-hidden=\"true\" class=\"fontawesome-icon fa-arrow-alt-circle-right fas circle-yes\"><\/i><\/span><\/div><h3 class=\"content-box-heading\" style=\"--h3_typography-font-size:24px;line-height:29px;\">Inkontinenzbehandlung<\/h3><\/div><div class=\"fusion-clearfix\"><\/div><div class=\"content-container\">\n<p>Inkontinenz ist ein weit verbreitetes medizinisches Problem, das Menschen jeden Alters betreffen kann. Es handelt sich um den ungewollten Verlust von Urin oder Stuhl, der das t\u00e4gliche Leben und die Lebensqualit\u00e4t der Betroffenen erheblich beeintr\u00e4chtigen kann. Gl\u00fccklicherweise gibt es verschiedene Behandlungsm\u00f6glichkeiten, die darauf abzielen, die Symptome der Inkontinenz zu lindern oder zu beseitigen.<\/p>\n<\/div><\/div><\/div><div class=\"fusion-clearfix\"><\/div><\/div><div class=\"fusion-content-boxes content-boxes columns row fusion-columns-1 fusion-columns-total-1 fusion-content-boxes-3 content-boxes-icon-with-title content-left\" style=\"--awb-body-color:#5b5b5b;--awb-title-color:var(--awb-color4);--awb-margin-top:-60px;--awb-hover-accent-color:var(--awb-color4);--awb-circle-hover-accent-color:var(--awb-color4);--awb-item-margin-bottom:40px;\" data-animationOffset=\"top-into-view\"><div style=\"--awb-backgroundcolor:rgba(255,255,255,0.5);\" class=\"fusion-column content-box-column content-box-column content-box-column-1 col-lg-12 col-md-12 col-sm-12 fusion-content-box-hover content-box-column-last content-box-column-last-in-row\"><div class=\"col content-box-wrapper content-wrapper-background link-area-link-icon content-icon-wrapper-yes icon-hover-animation-fade\" data-animationOffset=\"top-into-view\"><div class=\"heading heading-with-icon icon-left\"><div class=\"icon\"><span style=\"height:42px;width:42px;line-height:22px;border-color:rgba(255,255,255,0);border-width:1px;border-style:solid;background-color:var(--awb-color5);box-sizing:content-box;border-radius:50%;\"><i style=\"border-color:var(--awb-color5);border-width:1px;background-color:var(--awb-color4);box-sizing:content-box;height:40px;width:40px;line-height:40px;border-radius:50%;position:relative;top:auto;left:auto;margin:0;border-radius:50%;font-size:20px;\" aria-hidden=\"true\" class=\"fontawesome-icon fa-arrow-alt-circle-right fas circle-yes\"><\/i><\/span><\/div><h3 class=\"content-box-heading\" style=\"--h3_typography-font-size:24px;line-height:29px;\">Ambulante Operationen<\/h3><\/div><div class=\"fusion-clearfix\"><\/div><div class=\"content-container\">\n<p>Ambulante Operationen bieten den Patienten die M\u00f6glichkeit, bestimmte Eingriffe in einer ambulanten Umgebung durchzuf\u00fchren. Diese Art von Eingriffen erfordert normalerweise keine \u00dcbernachtung im Krankenhaus und erm\u00f6glicht es den Patienten, am selben Tag wieder nach Hause zur\u00fcckzukehren.<\/p>\n<p>Es gibt verschiedene, auch proktologische Operationen, die ambulant durchgef\u00fchrt werden k\u00f6nnen.<\/p>\n<\/div><\/div><\/div><div class=\"fusion-clearfix\"><\/div><\/div><\/div><\/div><div class=\"fusion-layout-column fusion_builder_column fusion-builder-column-1 fusion_builder_column_1_3 1_3 fusion-flex-column\" style=\"--awb-bg-size:cover;--awb-width-large:33.333333333333%;--awb-margin-top-large:0px;--awb-spacing-right-large:5.76%;--awb-margin-bottom-large:20px;--awb-spacing-left-large:5.76%;--awb-width-medium:33.333333333333%;--awb-order-medium:0;--awb-spacing-right-medium:5.76%;--awb-spacing-left-medium:5.76%;--awb-width-small:100%;--awb-order-small:0;--awb-spacing-right-small:1.92%;--awb-spacing-left-small:1.92%;\"><div class=\"fusion-column-wrapper fusion-column-has-shadow fusion-flex-justify-content-flex-start fusion-content-layout-column\"><div class=\"awb-gallery-wrapper awb-gallery-wrapper-1 button-span-no\" style=\"--more-btn-alignment:center;\"><div style=\"margin:-5px;--awb-bordersize:0px;\" class=\"fusion-gallery fusion-gallery-container fusion-grid-1 fusion-columns-total-7 fusion-gallery-layout-masonry fusion-gallery-1\"><div class=\"fusion-grid-column fusion-gallery-column fusion-gallery-column-1 hover-type-none fusion-grid-sizer\"><\/div><div style=\"padding:5px;\" class=\"fusion-grid-column fusion-gallery-column fusion-gallery-column-1 hover-type-none fusion-element-grid\"><div class=\"fusion-gallery-image\"><a href=\"https:\/\/schopopo.de\/wp-content\/uploads\/2023\/06\/Wartezimmer.jpg\" rel=\"noreferrer\" data-rel=\"iLightbox[gallery_image_1]\" class=\"fusion-lightbox\" target=\"_self\"><div style=\"background-image:url(https:\/\/schopopo.de\/wp-content\/uploads\/2023\/06\/Wartezimmer.jpg);padding-top:calc((100% + 10px) * 0.8 - 5px);background-position:;\" class=\"fusion-masonry-element-container\"><img decoding=\"async\" src=\"https:\/\/schopopo.de\/wp-content\/uploads\/2023\/06\/Wartezimmer.jpg\" width=\"1000\" height=\"667\" alt=\"\" title=\"Wartezimmer\" aria-label=\"Wartezimmer\" class=\"img-responsive wp-image-185\" srcset=\"https:\/\/schopopo.de\/wp-content\/uploads\/2023\/06\/Wartezimmer-200x133.jpg 200w, https:\/\/schopopo.de\/wp-content\/uploads\/2023\/06\/Wartezimmer-400x267.jpg 400w, https:\/\/schopopo.de\/wp-content\/uploads\/2023\/06\/Wartezimmer-600x400.jpg 600w, https:\/\/schopopo.de\/wp-content\/uploads\/2023\/06\/Wartezimmer-800x534.jpg 800w, https:\/\/schopopo.de\/wp-content\/uploads\/2023\/06\/Wartezimmer.jpg 1000w\" sizes=\"(min-width: 2200px) 100vw, (min-width: 940px) 1200px, \" \/><\/div><\/a><\/div><\/div><div style=\"padding:5px;\" class=\"fusion-grid-column fusion-gallery-column fusion-gallery-column-1 hover-type-none fusion-element-grid\"><div class=\"fusion-gallery-image\"><a href=\"https:\/\/schopopo.de\/wp-content\/uploads\/2023\/05\/8S9A7363.jpg\" rel=\"noreferrer\" data-rel=\"iLightbox[gallery_image_1]\" class=\"fusion-lightbox\" target=\"_self\"><div style=\"background-image:url(https:\/\/schopopo.de\/wp-content\/uploads\/2023\/05\/8S9A7363.jpg);padding-top:calc((100% + 10px) * 0.8 - 5px);background-position:;\" class=\"fusion-masonry-element-container\"><img decoding=\"async\" src=\"https:\/\/schopopo.de\/wp-content\/uploads\/2023\/05\/8S9A7363.jpg\" width=\"800\" height=\"1120\" alt=\"\" title=\"8S9A7363\" aria-label=\"8S9A7363\" class=\"img-responsive wp-image-157\" srcset=\"https:\/\/schopopo.de\/wp-content\/uploads\/2023\/05\/8S9A7363-200x280.jpg 200w, https:\/\/schopopo.de\/wp-content\/uploads\/2023\/05\/8S9A7363-400x560.jpg 400w, https:\/\/schopopo.de\/wp-content\/uploads\/2023\/05\/8S9A7363-600x840.jpg 600w, https:\/\/schopopo.de\/wp-content\/uploads\/2023\/05\/8S9A7363.jpg 800w\" sizes=\"(min-width: 2200px) 100vw, (min-width: 940px) 1200px, \" \/><\/div><\/a><\/div><\/div><div style=\"padding:5px;\" class=\"fusion-grid-column fusion-gallery-column fusion-gallery-column-1 hover-type-none fusion-element-grid\"><div class=\"fusion-gallery-image\"><a href=\"https:\/\/schopopo.de\/wp-content\/uploads\/2023\/05\/8S9A7379.jpg\" rel=\"noreferrer\" data-rel=\"iLightbox[gallery_image_1]\" class=\"fusion-lightbox\" target=\"_self\"><div style=\"background-image:url(https:\/\/schopopo.de\/wp-content\/uploads\/2023\/05\/8S9A7379.jpg);padding-top:calc((100% + 10px) * 0.8 - 5px);background-position:;\" class=\"fusion-masonry-element-container\"><img decoding=\"async\" src=\"https:\/\/schopopo.de\/wp-content\/uploads\/2023\/05\/8S9A7379.jpg\" width=\"800\" height=\"1120\" alt=\"\" title=\"8S9A7379\" aria-label=\"8S9A7379\" class=\"img-responsive wp-image-158\" srcset=\"https:\/\/schopopo.de\/wp-content\/uploads\/2023\/05\/8S9A7379-200x280.jpg 200w, https:\/\/schopopo.de\/wp-content\/uploads\/2023\/05\/8S9A7379-400x560.jpg 400w, https:\/\/schopopo.de\/wp-content\/uploads\/2023\/05\/8S9A7379-600x840.jpg 600w, https:\/\/schopopo.de\/wp-content\/uploads\/2023\/05\/8S9A7379.jpg 800w\" sizes=\"(min-width: 2200px) 100vw, (min-width: 940px) 1200px, \" \/><\/div><\/a><\/div><\/div><div style=\"padding:5px;\" class=\"fusion-grid-column fusion-gallery-column fusion-gallery-column-1 hover-type-none fusion-element-grid\"><div class=\"fusion-gallery-image\"><a href=\"https:\/\/schopopo.de\/wp-content\/uploads\/2023\/05\/Koloskopie.jpg\" rel=\"noreferrer\" data-rel=\"iLightbox[gallery_image_1]\" class=\"fusion-lightbox\" target=\"_self\"><div style=\"background-image:url(https:\/\/schopopo.de\/wp-content\/uploads\/2023\/05\/Koloskopie.jpg);padding-top:calc((100% + 10px) * 0.8 - 5px);background-position:;\" class=\"fusion-masonry-element-container\"><img decoding=\"async\" src=\"https:\/\/schopopo.de\/wp-content\/uploads\/2023\/05\/Koloskopie.jpg\" width=\"800\" height=\"559\" alt=\"\" title=\"Koloskopie\" aria-label=\"Koloskopie\" class=\"img-responsive wp-image-160\" srcset=\"https:\/\/schopopo.de\/wp-content\/uploads\/2023\/05\/Koloskopie-200x140.jpg 200w, https:\/\/schopopo.de\/wp-content\/uploads\/2023\/05\/Koloskopie-400x280.jpg 400w, https:\/\/schopopo.de\/wp-content\/uploads\/2023\/05\/Koloskopie-600x419.jpg 600w, https:\/\/schopopo.de\/wp-content\/uploads\/2023\/05\/Koloskopie.jpg 800w\" sizes=\"(min-width: 2200px) 100vw, (min-width: 940px) 1200px, \" \/><\/div><\/a><\/div><\/div><div style=\"padding:5px;\" class=\"fusion-grid-column fusion-gallery-column fusion-gallery-column-1 hover-type-none fusion-element-grid\"><div class=\"fusion-gallery-image\"><a href=\"https:\/\/schopopo.de\/wp-content\/uploads\/2023\/05\/8S9A7415.jpg\" rel=\"noreferrer\" data-rel=\"iLightbox[gallery_image_1]\" class=\"fusion-lightbox\" target=\"_self\"><div style=\"background-image:url(https:\/\/schopopo.de\/wp-content\/uploads\/2023\/05\/8S9A7415.jpg);padding-top:calc((100% + 10px) * 0.8 - 5px);background-position:;\" class=\"fusion-masonry-element-container\"><img decoding=\"async\" src=\"https:\/\/schopopo.de\/wp-content\/uploads\/2023\/05\/8S9A7415.jpg\" width=\"800\" height=\"1120\" alt=\"\" title=\"8S9A7415\" aria-label=\"8S9A7415\" class=\"img-responsive wp-image-159\" srcset=\"https:\/\/schopopo.de\/wp-content\/uploads\/2023\/05\/8S9A7415-200x280.jpg 200w, https:\/\/schopopo.de\/wp-content\/uploads\/2023\/05\/8S9A7415-400x560.jpg 400w, https:\/\/schopopo.de\/wp-content\/uploads\/2023\/05\/8S9A7415-600x840.jpg 600w, https:\/\/schopopo.de\/wp-content\/uploads\/2023\/05\/8S9A7415.jpg 800w\" sizes=\"(min-width: 2200px) 100vw, (min-width: 940px) 1200px, \" \/><\/div><\/a><\/div><\/div><div style=\"padding:5px;\" class=\"fusion-grid-column fusion-gallery-column fusion-gallery-column-1 hover-type-none fusion-element-grid\"><div class=\"fusion-gallery-image\"><a href=\"https:\/\/schopopo.de\/wp-content\/uploads\/2023\/05\/Proktologie.jpg\" rel=\"noreferrer\" data-rel=\"iLightbox[gallery_image_1]\" class=\"fusion-lightbox\" target=\"_self\"><div style=\"background-image:url(https:\/\/schopopo.de\/wp-content\/uploads\/2023\/05\/Proktologie.jpg);padding-top:calc((100% + 10px) * 0.8 - 5px);background-position:;\" class=\"fusion-masonry-element-container\"><img decoding=\"async\" src=\"https:\/\/schopopo.de\/wp-content\/uploads\/2023\/05\/Proktologie.jpg\" width=\"800\" height=\"608\" alt=\"\" title=\"Proktologie\" aria-label=\"Proktologie\" class=\"img-responsive wp-image-162\" srcset=\"https:\/\/schopopo.de\/wp-content\/uploads\/2023\/05\/Proktologie-200x152.jpg 200w, https:\/\/schopopo.de\/wp-content\/uploads\/2023\/05\/Proktologie-400x304.jpg 400w, https:\/\/schopopo.de\/wp-content\/uploads\/2023\/05\/Proktologie-600x456.jpg 600w, https:\/\/schopopo.de\/wp-content\/uploads\/2023\/05\/Proktologie.jpg 800w\" sizes=\"(min-width: 2200px) 100vw, (min-width: 940px) 1200px, \" \/><\/div><\/a><\/div><\/div><div style=\"padding:5px;\" class=\"fusion-grid-column fusion-gallery-column fusion-gallery-column-1 hover-type-none fusion-element-grid\"><div class=\"fusion-gallery-image\"><a href=\"https:\/\/schopopo.de\/wp-content\/uploads\/2023\/05\/Operation.jpg\" rel=\"noreferrer\" data-rel=\"iLightbox[gallery_image_1]\" class=\"fusion-lightbox\" target=\"_self\"><div style=\"background-image:url(https:\/\/schopopo.de\/wp-content\/uploads\/2023\/05\/Operation.jpg);padding-top:calc((100% + 10px) * 0.8 - 5px);background-position:;\" class=\"fusion-masonry-element-container\"><img decoding=\"async\" src=\"https:\/\/schopopo.de\/wp-content\/uploads\/2023\/05\/Operation.jpg\" width=\"800\" height=\"600\" alt=\"\" title=\"Operation\" aria-label=\"Operation\" class=\"img-responsive wp-image-161\" srcset=\"https:\/\/schopopo.de\/wp-content\/uploads\/2023\/05\/Operation-200x150.jpg 200w, https:\/\/schopopo.de\/wp-content\/uploads\/2023\/05\/Operation-400x300.jpg 400w, https:\/\/schopopo.de\/wp-content\/uploads\/2023\/05\/Operation-600x450.jpg 600w, https:\/\/schopopo.de\/wp-content\/uploads\/2023\/05\/Operation.jpg 800w\" sizes=\"(min-width: 2200px) 100vw, (min-width: 940px) 1200px, \" \/><\/div><\/a><\/div><\/div><\/div><\/div><\/div><\/div><\/div><\/div><div class=\"fusion-fullwidth fullwidth-box fusion-builder-row-2 fusion-flex-container has-pattern-background has-mask-background nonhundred-percent-fullwidth non-hundred-percent-height-scrolling\" style=\"--awb-border-radius-top-left:0px;--awb-border-radius-top-right:0px;--awb-border-radius-bottom-right:0px;--awb-border-radius-bottom-left:0px;--awb-margin-top:-70px;--awb-flex-wrap:wrap;\" ><div class=\"fusion-builder-row fusion-row fusion-flex-align-items-flex-start fusion-flex-content-wrap\" style=\"max-width:1248px;margin-left: calc(-4% \/ 2 );margin-right: calc(-4% \/ 2 );\"><div class=\"fusion-layout-column fusion_builder_column fusion-builder-column-2 fusion_builder_column_1_1 1_1 fusion-flex-column\" style=\"--awb-bg-size:cover;--awb-width-large:100%;--awb-margin-top-large:0px;--awb-spacing-right-large:1.92%;--awb-margin-bottom-large:20px;--awb-spacing-left-large:1.92%;--awb-width-medium:100%;--awb-order-medium:0;--awb-spacing-right-medium:1.92%;--awb-spacing-left-medium:1.92%;--awb-width-small:100%;--awb-order-small:0;--awb-spacing-right-small:1.92%;--awb-spacing-left-small:1.92%;\"><div class=\"fusion-column-wrapper fusion-column-has-shadow fusion-flex-justify-content-flex-start fusion-content-layout-column\"><div class=\"fusion-title title fusion-title-1 fusion-sep-none fusion-title-text fusion-title-size-four\" style=\"--awb-text-color:var(--awb-color4);\"><h4 class=\"fusion-title-heading title-heading-left\" style=\"margin:0;\">Wenn Sie Fragen haben sprechen Sie uns gerne an!<\/h4><\/div><div ><a class=\"fusion-button button-3d button-xlarge button-default fusion-button-default button-1 fusion-button-default-span \" target=\"_self\" href=\"https:\/\/schopopo.de\/index.php\/kontakt-anfahrt\/\"><i class=\"fa-envelope fas button-icon-left\" aria-hidden=\"true\"><\/i><span class=\"fusion-button-text\">Kontakt<\/span><\/a><\/div><\/div><\/div><\/div><\/div><\/p>\n","protected":false},"excerpt":{"rendered":"","protected":false},"author":1,"featured_media":0,"parent":0,"menu_order":0,"comment_status":"closed","ping_status":"closed","template":"100-width.php","meta":{"footnotes":""},"class_list":["post-14","page","type-page","status-publish","hentry"],"_links":{"self":[{"href":"https:\/\/schopopo.de\/index.php\/wp-json\/wp\/v2\/pages\/14","targetHints":{"allow":["GET"]}}],"collection":[{"href":"https:\/\/schopopo.de\/index.php\/wp-json\/wp\/v2\/pages"}],"about":[{"href":"https:\/\/schopopo.de\/index.php\/wp-json\/wp\/v2\/types\/page"}],"author":[{"embeddable":true,"href":"https:\/\/schopopo.de\/index.php\/wp-json\/wp\/v2\/users\/1"}],"replies":[{"embeddable":true,"href":"https:\/\/schopopo.de\/index.php\/wp-json\/wp\/v2\/comments?post=14"}],"version-history":[{"count":36,"href":"https:\/\/schopopo.de\/index.php\/wp-json\/wp\/v2\/pages\/14\/revisions"}],"predecessor-version":[{"id":204,"href":"https:\/\/schopopo.de\/index.php\/wp-json\/wp\/v2\/pages\/14\/revisions\/204"}],"wp:attachment":[{"href":"https:\/\/schopopo.de\/index.php\/wp-json\/wp\/v2\/media?parent=14"}],"curies":[{"name":"wp","href":"https:\/\/api.w.org\/{rel}","templated":true}]}}